{"id":2097,"date":"2015-06-04T20:47:49","date_gmt":"2015-06-04T20:47:49","guid":{"rendered":"http:\/\/artigiani.httpfusion.agency\/?page_id=2097"},"modified":"2017-11-15T22:27:47","modified_gmt":"2017-11-15T22:27:47","slug":"cocktail","status":"publish","type":"page","link":"https:\/\/artigiani.ca\/?page_id=2097&lang=en","title":{"rendered":"Cocktail"},"content":{"rendered":"<div class=\"wpb-content-wrapper\"><p>[vc_row][vc_column width=&#8221;1\/1&#8243;][block_title style=&#8221;section_title&#8221; inner_style=&#8221;simple&#8221; inner_style_title=&#8221;square&#8221; padding_desc=&#8221;28{26abf5c445f8d6a21c174af5e2eb3fa5169946116dcd1b64bb381035fd30cb7e}&#8221; title=&#8221;Cocktail&#8221;][\/block_title][\/vc_column][\/vc_row][vc_row][vc_column width=&#8221;1\/2&#8243;][block_title style=&#8221;column_title&#8221; inner_style=&#8221;simple&#8221; padding_desc=&#8221;28{26abf5c445f8d6a21c174af5e2eb3fa5169946116dcd1b64bb381035fd30cb7e}&#8221; inner_style_title=&#8221;square&#8221; title=&#8221;BI\u00c9RES EN F\u00fbT &#8220;][\/block_title][separator width=&#8221;40px&#8221; height=&#8221;4px&#8221; position=&#8221;left&#8221; color=&#8221;#ef8717&#8243; margin_top=&#8221;-15px&#8221; margin_bottom=&#8221;20px&#8221;][vc_row_inner][vc_column_inner width=&#8221;5\/6&#8243;][vc_column_text]<strong>Sleeman Silver Creek<\/strong><\/p>\n<p><strong>Sleeman Honey Brown<\/strong>[\/vc_column_text][\/vc_column_inner][vc_column_inner width=&#8221;1\/6&#8243;][vc_column_text][\/vc_column_text][\/vc_column_inner][\/vc_row_inner][block_title style=&#8221;column_title&#8221; inner_style=&#8221;simple&#8221; padding_desc=&#8221;28{26abf5c445f8d6a21c174af5e2eb3fa5169946116dcd1b64bb381035fd30cb7e}&#8221; inner_style_title=&#8221;square&#8221; title=&#8221;BI\u00c9RES EN BOUTEILLE&#8221;][\/block_title][separator width=&#8221;40px&#8221; height=&#8221;4px&#8221; position=&#8221;left&#8221; color=&#8221;#ef8717&#8243; margin_top=&#8221;-15px&#8221; margin_bottom=&#8221;20px&#8221;][vc_row_inner][vc_column_inner width=&#8221;1\/1&#8243;][vc_column_text]<strong>Blanche de Chambly<\/strong><\/p>\n<p><strong>Sleeman Light\/Rousse<\/strong><\/p>\n<p><strong>Maudite<\/strong>[\/vc_column_text][\/vc_column_inner][\/vc_row_inner][block_title style=&#8221;column_title&#8221; inner_style=&#8221;simple&#8221; padding_desc=&#8221;28{26abf5c445f8d6a21c174af5e2eb3fa5169946116dcd1b64bb381035fd30cb7e}&#8221; inner_style_title=&#8221;square&#8221; title=&#8221;BI\u00c9RES DU MONDE&#8221;][\/block_title][separator width=&#8221;40px&#8221; height=&#8221;4px&#8221; position=&#8221;left&#8221; color=&#8221;#ef8717&#8243; margin_top=&#8221;-15px&#8221; margin_bottom=&#8221;20px&#8221;][vc_row_inner][vc_column_inner width=&#8221;1\/1&#8243;][vc_column_text]<strong>Moretti<\/strong> (Italie)<\/p>\n<p><strong>Peroni<\/strong> (Italie)<\/p>\n<p><strong>Heineken<\/strong> (Hollande)<\/p>\n<p><strong>Sol<\/strong> (Mexique)[\/vc_column_text][\/vc_column_inner][\/vc_row_inner][\/vc_column][vc_column width=&#8221;1\/2&#8243;][block_title style=&#8221;column_title&#8221; inner_style=&#8221;simple&#8221; padding_desc=&#8221;28{26abf5c445f8d6a21c174af5e2eb3fa5169946116dcd1b64bb381035fd30cb7e}&#8221; inner_style_title=&#8221;square&#8221; title=&#8221;AP\u00c9RITIFS ET COCKTAILS &#8220;][\/block_title][separator width=&#8221;40px&#8221; height=&#8221;4px&#8221; position=&#8221;left&#8221; color=&#8221;#ef8717&#8243; margin_top=&#8221;-15px&#8221; margin_bottom=&#8221;20px&#8221;][vc_row_inner][vc_column_inner width=&#8221;5\/6&#8243;][vc_column_text]<strong>Pineau des Charentes<\/strong><\/p>\n<p><strong>Campari, Dubonnet Rouge et Martini Rouge<\/strong><\/p>\n<p><strong>Kir Royal<\/strong><\/p>\n<p><strong>Amaretto Sour\/ Margherita \/ Mojito<\/strong><\/p>\n<p><strong>Negroni<\/strong><\/p>\n<p><strong>Long Island Ice Tea<\/strong><\/p>\n<p><strong>Spritz Aperol<\/strong><\/p>\n<p><strong>Sangria rouge ou <\/strong>blanche[\/vc_column_text][\/vc_column_inner][vc_column_inner width=&#8221;1\/6&#8243;][vc_column_text][\/vc_column_text][\/vc_column_inner][\/vc_row_inner][\/vc_column][\/vc_row][vc_row type=&#8221;full_width_background&#8221; bg_image=&#8221;2207&#8243; bg_position=&#8221;center bottom&#8221; bg_repeat=&#8221;no-repeat&#8221; text_color=&#8221;dark&#8221; top_padding=&#8221;200&#8243; bottom_padding=&#8221;200&#8243; parallax_bg=&#8221;true&#8221; overlay=&#8221;&#8221; video_bg=&#8221;&#8221; transparency=&#8221;&#8221; borders=&#8221;&#8221; arrow_bottom=&#8221;&#8221; arrow_top=&#8221;&#8221;][vc_column width=&#8221;1\/1&#8243;][\/vc_column][\/vc_row][vc_row][vc_column width=&#8221;1\/1&#8243;][block_title style=&#8221;section_title&#8221; inner_style=&#8221;simple&#8221; inner_style_title=&#8221;square&#8221; padding_desc=&#8221;28{26abf5c445f8d6a21c174af5e2eb3fa5169946116dcd1b64bb381035fd30cb7e}&#8221; title=&#8221;COCKTAIL&#8221;][\/block_title][\/vc_column][\/vc_row][vc_row][vc_column width=&#8221;1\/2&#8243;][block_title style=&#8221;column_title&#8221; inner_style=&#8221;simple&#8221; padding_desc=&#8221;28{26abf5c445f8d6a21c174af5e2eb3fa5169946116dcd1b64bb381035fd30cb7e}&#8221; inner_style_title=&#8221;square&#8221; title=&#8221;MARTINIS&#8221;][\/block_title][separator width=&#8221;40px&#8221; height=&#8221;4px&#8221; position=&#8221;left&#8221; color=&#8221;#ef8717&#8243; margin_top=&#8221;-15px&#8221; margin_bottom=&#8221;20px&#8221;][vc_column_text]<strong>Dry Martini<\/strong><\/p>\n<p><strong>Cosmopolitain<\/strong><\/p>\n<p><strong>Lychie<\/strong><\/p>\n<p><strong>Artigiani<\/strong><\/p>\n<p><strong>Extra Grey Goose\/ Hendrix<\/strong>[\/vc_column_text][vc_empty_space height=&#8221;42px&#8221;][block_title style=&#8221;column_title&#8221; inner_style=&#8221;simple&#8221; padding_desc=&#8221;28{26abf5c445f8d6a21c174af5e2eb3fa5169946116dcd1b64bb381035fd30cb7e}&#8221; inner_style_title=&#8221;square&#8221; title=&#8221;EAUX ET BOISSONS NON ALCOOLIS\u00c9S&#8221;][\/block_title][separator width=&#8221;40px&#8221; height=&#8221;4px&#8221; position=&#8221;left&#8221; color=&#8221;#ef8717&#8243; margin_top=&#8221;-15px&#8221; margin_bottom=&#8221;20px&#8221;][vc_row_inner][vc_column_inner width=&#8221;1\/1&#8243;][vc_column_text]<strong>Brio Chinotto<\/strong><\/p>\n<p><strong>Th\u00e9 Glac\u00e9<\/strong><\/p>\n<p><strong>Jus<\/strong><\/p>\n<p><strong>Coke, 7up<\/strong><\/p>\n<p><strong>Eau de Source<\/strong> (750 ml)<\/p>\n<p><strong>Eau Min\u00e9rale<\/strong> (gaz\u00e9ifi\u00e9e)[\/vc_column_text][\/vc_column_inner][\/vc_row_inner][\/vc_column][vc_column width=&#8221;1\/2&#8243;][block_title style=&#8221;column_title&#8221; inner_style=&#8221;simple&#8221; padding_desc=&#8221;28{26abf5c445f8d6a21c174af5e2eb3fa5169946116dcd1b64bb381035fd30cb7e}&#8221; inner_style_title=&#8221;square&#8221; title=&#8221;CAF\u00c9S ALCOOLIS\u00c9S&#8221;][\/block_title][separator width=&#8221;40px&#8221; height=&#8221;4px&#8221; position=&#8221;left&#8221; color=&#8221;#ef8717&#8243; margin_top=&#8221;-15px&#8221; margin_bottom=&#8221;20px&#8221;][vc_row_inner][vc_column_inner width=&#8221;1\/1&#8243;][vc_column_text]Caf\u00e9 Br\u00e9silien randy, Tia maria et liqueur d&#8217;orange<\/p>\n<p>Caf\u00e9 Espagnol Brandy et Tia Maria<\/p>\n<p>Caf\u00e9 Irlandais Brandy et cr\u00e8me Irlandaise<\/p>\n<p>Caf\u00e9 Italien Brandy et Frangelico<\/p>\n<p>Caf\u00e9 Sortil\u00e8ge Sortil\u00e8ge cr\u00e8me[\/vc_column_text][\/vc_column_inner][\/vc_row_inner][block_title style=&#8221;column_title&#8221; inner_style=&#8221;simple&#8221; padding_desc=&#8221;28{26abf5c445f8d6a21c174af5e2eb3fa5169946116dcd1b64bb381035fd30cb7e}&#8221; inner_style_title=&#8221;square&#8221; title=&#8221;CAF\u00c9S ET TH\u00c9S&#8221;][\/block_title][separator width=&#8221;40px&#8221; height=&#8221;4px&#8221; position=&#8221;left&#8221; color=&#8221;#ef8717&#8243; margin_top=&#8221;-15px&#8221; margin_bottom=&#8221;20px&#8221;][vc_column_text]<strong>Caf\u00e9 r\u00e9gulier<\/strong><\/p>\n<p><strong>Espresso<\/strong><\/p>\n<p><strong>Th\u00e9 et Tisane<\/strong><\/p>\n<p><strong>Capuccino et Latt\u00e9<\/strong><\/p>\n<p><strong>Caf\u00e9 Affogato<\/strong>[\/vc_column_text][\/vc_column][\/vc_row][vc_row][vc_column width=&#8221;1\/2&#8243;][block_title style=&#8221;column_title&#8221; inner_style=&#8221;simple&#8221; padding_desc=&#8221;28{26abf5c445f8d6a21c174af5e2eb3fa5169946116dcd1b64bb381035fd30cb7e}&#8221; inner_style_title=&#8221;square&#8221; title=&#8221;SPIRITUEX&#8221;][\/block_title][separator width=&#8221;40px&#8221; height=&#8221;4px&#8221; position=&#8221;left&#8221; color=&#8221;#ef8717&#8243; margin_top=&#8221;-15px&#8221; margin_bottom=&#8221;20px&#8221;][vc_column_text]<strong>GRAPPA<\/strong><\/p>\n<p>Poli Bassano<br \/>\nPoli Cleopatra Moscato Oro Jacopo Poli Moscato<\/p>\n<p><strong>VODKA<\/strong><\/p>\n<p>Kamouraska<br \/>\nKettle One<br \/>\nGrey Goose<br \/>\nBacardi<br \/>\nCaptain Morgan Spice Appleton<\/p>\n<p><strong>GIN<\/strong><\/p>\n<p>City<br \/>\nTanqueray<br \/>\nHendrix<\/p>\n<p><strong>RHUM<\/strong><\/p>\n<p>Bacardi<br \/>\nCaptain Morgan Spice<br \/>\nAppleton<\/p>\n<p><strong>SCOTCH<\/strong><\/p>\n<p>Jameson<br \/>\nChivas Regal<br \/>\nGlenfiddich 12 ans<br \/>\nJohnnie Walker Black<br \/>\nBalvenie 12 ans<br \/>\nMacallan Amber<\/p>\n<p><strong>COGNAC<\/strong><\/p>\n<p>Courvoisier VS<br \/>\nRemy Martin VSOP<br \/>\nRemy Martin XO<\/p>\n<p><strong>WHISKEY<\/strong><\/p>\n<p>Canadian Club<br \/>\nJack Daniel<\/p>\n<p><strong>TEQUILLA<\/strong><\/p>\n<p>Souza<br \/>\nPatron Silver<\/p>\n<p><strong>PORTO<\/strong><\/p>\n<p>Cabral 7 ans<br \/>\nCabral 10 ans<\/p>\n<p><strong>LIQUEUR<\/strong><\/p>\n<p>Sambuca<br \/>\nLimoncello<br \/>\nPassito di Pantelleria 11vin dessert11 Grand Marnier<\/p>\n<p><strong>AMARO<\/strong><\/p>\n<p>Averna<br \/>\nLucarno[\/vc_column_text][\/vc_column][vc_column width=&#8221;1\/2&#8243;][vc_row_inner][vc_column_inner width=&#8221;1\/1&#8243;][\/vc_column_inner][\/vc_row_inner][\/vc_column][\/vc_row]<\/p>\n<\/div>","protected":false},"excerpt":{"rendered":"<p>[vc_row][vc_column width=&#8221;1\/1&#8243;][block_title style=&#8221;section_title&#8221; inner_style=&#8221;simple&#8221; inner_style_title=&#8221;square&#8221; padding_desc=&#8221;28{26abf5c445f8d6a21c174af5e2eb3fa5169946116dcd1b64bb381035fd30cb7e}&#8221; title=&#8221;Cocktail&#8221;][\/block_title][\/vc_column][\/vc_row][vc_row][vc_column width=&#8221;1\/2&#8243;][block_title style=&#8221;column_title&#8221; inner_style=&#8221;simple&#8221; padding_desc=&#8221;28{26abf5c445f8d6a21c174af5e2eb3fa5169946116dcd1b64bb381035fd30cb7e}&#8221; inner_style_title=&#8221;square&#8221; title=&#8221;BI\u00c9RES EN F\u00fbT &#8220;][\/block_title][separator width=&#8221;40px&#8221; height=&#8221;4px&#8221; position=&#8221;left&#8221; color=&#8221;#ef8717&#8243; margin_top=&#8221;-15px&#8221; margin_bottom=&#8221;20px&#8221;][vc_row_inner][vc_column_inner width=&#8221;5\/6&#8243;][vc_column_text]Sleeman Silver Creek Sleeman Honey Brown[\/vc_column_text][\/vc_column_inner][vc_column_inner width=&#8221;1\/6&#8243;][vc_column_text][\/vc_column_text][\/vc_column_inner][\/vc_row_inner][block_title style=&#8221;column_title&#8221; inner_style=&#8221;simple&#8221; padding_desc=&#8221;28{26abf5c445f8d6a21c174af5e2eb3fa5169946116dcd1b64bb381035fd30cb7e}&#8221; inner_style_title=&#8221;square&#8221; title=&#8221;BI\u00c9RES EN BOUTEILLE&#8221;][\/block_title][separator width=&#8221;40px&#8221; height=&#8221;4px&#8221; position=&#8221;left&#8221; color=&#8221;#ef8717&#8243; margin_top=&#8221;-15px&#8221; margin_bottom=&#8221;20px&#8221;][vc_row_inner][vc_column_inner width=&#8221;1\/1&#8243;][vc_column_text]Blanche de Chambly Sleeman Light\/Rousse Maudite[\/vc_column_text][\/vc_column_inner][\/vc_row_inner][block_title style=&#8221;column_title&#8221; inner_style=&#8221;simple&#8221; padding_desc=&#8221;28{26abf5c445f8d6a21c174af5e2eb3fa5169946116dcd1b64bb381035fd30cb7e}&#8221; inner_style_title=&#8221;square&#8221; title=&#8221;BI\u00c9RES DU MONDE&#8221;][\/block_title][separator [&hellip;]<\/p>\n","protected":false},"author":1,"featured_media":0,"parent":0,"menu_order":0,"comment_status":"open","ping_status":"closed","template":"","meta":{"footnotes":""},"class_list":["post-2097","page","type-page","status-publish","hentry"],"featured_image_src":null,"featured_image_src_square":null,"_links":{"self":[{"href":"https:\/\/artigiani.ca\/index.php?rest_route=\/wp\/v2\/pages\/2097","targetHints":{"allow":["GET"]}}],"collection":[{"href":"https:\/\/artigiani.ca\/index.php?rest_route=\/wp\/v2\/pages"}],"about":[{"href":"https:\/\/artigiani.ca\/index.php?rest_route=\/wp\/v2\/types\/page"}],"author":[{"embeddable":true,"href":"https:\/\/artigiani.ca\/index.php?rest_route=\/wp\/v2\/users\/1"}],"replies":[{"embeddable":true,"href":"https:\/\/artigiani.ca\/index.php?rest_route=%2Fwp%2Fv2%2Fcomments&post=2097"}],"version-history":[{"count":0,"href":"https:\/\/artigiani.ca\/index.php?rest_route=\/wp\/v2\/pages\/2097\/revisions"}],"wp:attachment":[{"href":"https:\/\/artigiani.ca\/index.php?rest_route=%2Fwp%2Fv2%2Fmedia&parent=2097"}],"curies":[{"name":"wp","href":"https:\/\/api.w.org\/{rel}","templated":true}]}}