{"id":2287,"date":"2015-06-25T22:35:28","date_gmt":"2015-06-25T22:35:28","guid":{"rendered":"http:\/\/artigiani.httpfusion.agency\/?page_id=2287&#038;lang=fr"},"modified":"2015-06-26T02:28:49","modified_gmt":"2015-06-26T02:28:49","slug":"locations","status":"publish","type":"page","link":"https:\/\/artigiani.ca\/?page_id=2287","title":{"rendered":"Locations"},"content":{"rendered":"<div class=\"wpb-content-wrapper\"><p>[vc_row][vc_column width=&#8221;1\/2&#8243;][block_title style=&#8221;column_title&#8221; inner_style=&#8221;simple&#8221; padding_desc=&#8221;28{26abf5c445f8d6a21c174af5e2eb3fa5169946116dcd1b64bb381035fd30cb7e}&#8221; title=&#8221;Artigiani Pizzeria Ristorante&#8221; inner_style_title=&#8221;square&#8221;][\/block_title][separator width=&#8221;40px&#8221; height=&#8221;4px&#8221; position=&#8221;left&#8221; color=&#8221;#ef8717&#8243; margin_top=&#8221;-15px&#8221; margin_bottom=&#8221;20px&#8221;][vc_column_text]Artigiani est \u00e0 la fois une pizzeria et un magasin d&#8217;aliments de sp\u00e9cialit\u00e9 approvisionn\u00e9 avec des p\u00e2tes fra\u00eechement pr\u00e9par\u00e9s et sauces classiques cr\u00e9\u00e9s par un m\u00ealage unique de comp\u00e9tences g\u00e9n\u00e9rationnelles. Id\u00e9alement situ\u00e9 au c\u0153ur du Plateau Mont-Royal, Artigiani vous offre un si\u00e8ge \u00e0 une table ambiante pour un voyage culinaire authentiquement italienne &#8211; \u00e0 partir d&#8217;une s\u00e9lection de plats comme notre somptueuse arancini \u00e0 la romaine et crevettes grill\u00e9es succulent, \u00e0 pizzas napolitaines g\u00e9n\u00e9ralement et exquis plats de p\u00e2tes, couronn\u00e9es par des desserts faits maison enchanteurs.<\/p>\n<p><strong>Address:<\/strong> 4657 Rue Saint-Denis, Montr\u00e9al, QC H2J 2L5, Canada<\/p>\n<p><strong>Tel:<\/strong> 514-564-5842<\/p>\n<p><strong>Email:<\/strong> info@artigiani.ca[\/vc_column_text][\/vc_column][vc_column width=&#8221;1\/2&#8243;][google_map height=&#8221;300&#8243; dynamic_src=&#8221;https:\/\/www.google.com\/maps\/embed?pb=!1m18!1m12!1m3!1d2795.2543463141174!2d-73.584775!3d45.525087000000006!2m3!1f0!2f0!3f0!3m2!1i1024!2i768!4f13.1!3m3!1m2!1s0x4cc91bd12acb86a9{26abf5c445f8d6a21c174af5e2eb3fa5169946116dcd1b64bb381035fd30cb7e}3A0x7b439d2566752d49!2sArtigiani+Pizzeria+Ristorante!5e0!3m2!1sen!2s!4v1432394487071&#8243;][\/vc_column][\/vc_row]<\/p>\n<\/div>","protected":false},"excerpt":{"rendered":"<p>[vc_row][vc_column width=&#8221;1\/2&#8243;][block_title style=&#8221;column_title&#8221; inner_style=&#8221;simple&#8221; padding_desc=&#8221;28{26abf5c445f8d6a21c174af5e2eb3fa5169946116dcd1b64bb381035fd30cb7e}&#8221; title=&#8221;Artigiani Pizzeria Ristorante&#8221; inner_style_title=&#8221;square&#8221;][\/block_title][separator width=&#8221;40px&#8221; height=&#8221;4px&#8221; position=&#8221;left&#8221; color=&#8221;#ef8717&#8243; margin_top=&#8221;-15px&#8221; margin_bottom=&#8221;20px&#8221;][vc_column_text]Artigiani est \u00e0 la fois une pizzeria et un magasin d&#8217;aliments de sp\u00e9cialit\u00e9 approvisionn\u00e9 avec des p\u00e2tes fra\u00eechement pr\u00e9par\u00e9s et sauces classiques cr\u00e9\u00e9s par un m\u00ealage unique de comp\u00e9tences g\u00e9n\u00e9rationnelles. Id\u00e9alement situ\u00e9 au c\u0153ur du Plateau Mont-Royal, Artigiani vous offre un [&hellip;]<\/p>\n","protected":false},"author":1,"featured_media":0,"parent":0,"menu_order":0,"comment_status":"open","ping_status":"closed","template":"","meta":{"footnotes":""},"class_list":["post-2287","page","type-page","status-publish","hentry"],"featured_image_src":null,"featured_image_src_square":null,"_links":{"self":[{"href":"https:\/\/artigiani.ca\/index.php?rest_route=\/wp\/v2\/pages\/2287","targetHints":{"allow":["GET"]}}],"collection":[{"href":"https:\/\/artigiani.ca\/index.php?rest_route=\/wp\/v2\/pages"}],"about":[{"href":"https:\/\/artigiani.ca\/index.php?rest_route=\/wp\/v2\/types\/page"}],"author":[{"embeddable":true,"href":"https:\/\/artigiani.ca\/index.php?rest_route=\/wp\/v2\/users\/1"}],"replies":[{"embeddable":true,"href":"https:\/\/artigiani.ca\/index.php?rest_route=%2Fwp%2Fv2%2Fcomments&post=2287"}],"version-history":[{"count":0,"href":"https:\/\/artigiani.ca\/index.php?rest_route=\/wp\/v2\/pages\/2287\/revisions"}],"wp:attachment":[{"href":"https:\/\/artigiani.ca\/index.php?rest_route=%2Fwp%2Fv2%2Fmedia&parent=2287"}],"curies":[{"name":"wp","href":"https:\/\/api.w.org\/{rel}","templated":true}]}}